{"id":1779,"date":"2022-01-26T15:44:36","date_gmt":"2022-01-26T14:44:36","guid":{"rendered":"https:\/\/latinjazzexperience.com\/about-hamlet\/"},"modified":"2023-03-23T23:26:12","modified_gmt":"2023-03-23T22:26:12","slug":"about-hamlet","status":"publish","type":"page","link":"https:\/\/latinjazzexperience.com\/de\/about-hamlet\/","title":{"rendered":"\u00dcber Hamlet"},"content":{"rendered":"<div class=\"fusion-fullwidth fullwidth-box fusion-builder-row-1 fusion-flex-container hundred-percent-fullwidth non-hundred-percent-height-scrolling\" style=\"--awb-background-position:left top;--awb-border-sizes-top:0px;--awb-border-sizes-bottom:0px;--awb-border-sizes-left:0px;--awb-border-sizes-right:0px;--awb-border-radius-top-left:0px;--awb-border-radius-top-right:0px;--awb-border-radius-bottom-right:0px;--awb-border-radius-bottom-left:0px;--awb-padding-top:0px;--awb-padding-right:0px;--awb-padding-bottom:0px;--awb-padding-left:0px;--awb-background-color:#58222f;--awb-flex-wrap:wrap;\" ><div class=\"fusion-builder-row fusion-row fusion-flex-align-items-stretch fusion-flex-content-wrap\" style=\"width:calc( 100% + 0px ) !important;max-width:calc( 100% + 0px ) !important;margin-left: calc(-0px \/ 2 );margin-right: calc(-0px \/ 2 );\"><div class=\"fusion-layout-column fusion_builder_column fusion-builder-column-0 fusion_builder_column_3_5 3_5 fusion-flex-column\" style=\"--awb-padding-top:50px;--awb-padding-right:10%;--awb-padding-bottom:50px;--awb-padding-left:10%;--awb-padding-bottom-medium:90px;--awb-padding-top-small:80px;--awb-padding-bottom-small:80px;--awb-bg-size:cover;--awb-width-large:60%;--awb-margin-top-large:0px;--awb-spacing-right-large:0px;--awb-margin-bottom-large:0px;--awb-spacing-left-large:0px;--awb-width-medium:100%;--awb-order-medium:0;--awb-spacing-right-medium:0px;--awb-spacing-left-medium:0px;--awb-width-small:100%;--awb-order-small:0;--awb-spacing-right-small:0px;--awb-spacing-left-small:0px;\"><div class=\"fusion-column-wrapper fusion-column-has-shadow fusion-flex-justify-content-flex-start fusion-content-layout-column\"><div class=\"fusion-title title fusion-title-1 fusion-title-text fusion-title-size-three\" style=\"--awb-margin-top:0px;--awb-margin-top-small:0px;--awb-margin-right-small:0px;--awb-margin-bottom-small:30px;--awb-margin-left-small:0px;\"><div class=\"title-sep-container title-sep-container-left fusion-no-large-visibility fusion-no-medium-visibility fusion-no-small-visibility\"><div class=\"title-sep sep- sep-solid\" style=\"border-color:#323844;\"><\/div><\/div><span class=\"awb-title-spacer fusion-no-large-visibility fusion-no-medium-visibility fusion-no-small-visibility\"><\/span><h3 class=\"fusion-title-heading title-heading-left fusion-responsive-typography-calculated\" style=\"margin:0;--fontSize:36;line-height:1;\">BIOGRAPHIE<\/h3><span class=\"awb-title-spacer\"><\/span><div class=\"title-sep-container title-sep-container-right\"><div class=\"title-sep sep- sep-solid\" style=\"border-color:#323844;\"><\/div><\/div><\/div><div class=\"fusion-separator\" style=\"align-self: flex-start;margin-right:auto;margin-bottom:40px;width:100%;max-width:300px;\"><div class=\"fusion-separator-border sep-single sep-solid\" style=\"--awb-height:20px;--awb-amount:20px;border-color:#444e63;border-top-width:2px;\"><\/div><\/div><div class=\"fusion-text fusion-text-1\" style=\"--awb-text-transform:none;\"><p><span class=\"fusion-dropcap dropcap\"><span style=\"color: #ec4858;\">H<\/span><\/span>amlet wurde in Bogot\u00e1 (Kolumbien) geboren. Er kam schon fr\u00fch mit der Musik in Ber\u00fchrung und spielte Schlagzeug unter dem Einfluss seines Vaters Roberto Fiorilli, einem prominenten Schlagzeuger in der kolumbianischen Musikszene der 60er und 70er Jahre. Im Alter von 12 Jahren begann er Klavier zu spielen und nahm ein Jahr lang Unterricht bei einem Privatlehrer. Nur zwei Jahre sp\u00e4ter, im Alter von 15 Jahren, spielte er in der Jazz Big Band der Stadt. Er sammelte mehr und mehr Erfahrung in verschiedenen Bands in allen m\u00f6glichen Musikrichtungen (Jazz, Pop, Funk, Latin&#8230;) in Clubs. Vor allem Salsa und lateinamerikanische Volksmusik mit &#8218;Macondo&#8216;, der Band seines Vaters. Von diesem Moment an spielt und studiert er Klavier als Autodidakt.<\/p>\n<p>1980 begann er sein Studium am Konservatorium P. Mascagni in Livorno in den F\u00e4chern Waldhorn, klassisches Schlagzeug, Komposition und Chorleitung, gleichzeitig studierte er privat Jazz-Arrangement (Berkley-Schulmethode). Schon bald begann er als Pianist in Clubs in Monte Carlo, \u00d6sterreich, der Schweiz und Frankreich zu arbeiten, dann auf der ganzen Welt auf Kreuzfahrtschiffen f\u00fcr die italienische &#8222;Costa Crociere&#8220; und f\u00fcr die englische &#8222;Black See Ship Company&#8220;. Er sieht sich selbst eher als Musiker denn als Pianist, denn das Klavier ist im Laufe der Jahre nur noch ein Instrument, um seine Welt und seine Musikalit\u00e4t auszudr\u00fccken.<\/p>\n<p>In seiner Karriere in Italien spielte er live und bei Studioaufnahmen und trat in Fernsehshows f\u00fcr viele K\u00fcnstler der italienischen Popszene auf. Als Arrangeur und Dirigent leitete er das Poporchester f\u00fcr das ber\u00fchmte &#8222;Festival di Sanremo&#8220;. Gr\u00fcnder und Keyboarder der Band &#8222;Animali Rari&#8220;, Gewinner von Preisen und Auszeichnungen als beste Live-Pop-Rock-Band der 90er Jahre. Folgt hunderten von Konzerten und vielen Projekten in allen m\u00f6glichen Musikrichtungen, was ihm ein breites musikalisches Spektrum gibt. Seit 2004 lebt Hamlet in \u00d6sterreich und arbeitet als freischaffender Musiker. Sehr vielseitig f\u00fchrt er sein Projekt &#8222;Latin Jazz Experience&#8220; weiter und spielt in verschiedenen Projekten speziell in der Salsa-, Latin- und Jazzszene.<\/p>\n<\/div><\/div><\/div><div class=\"fusion-layout-column fusion_builder_column fusion-builder-column-1 fusion_builder_column_2_5 2_5 fusion-flex-column fusion-flex-align-self-flex-start\" style=\"--awb-bg-position:left center;--awb-bg-size:cover;--awb-width-large:40%;--awb-margin-top-large:0px;--awb-spacing-right-large:0px;--awb-margin-bottom-large:0px;--awb-spacing-left-large:0px;--awb-width-medium:100%;--awb-order-medium:0;--awb-spacing-right-medium:0px;--awb-spacing-left-medium:0px;--awb-width-small:100%;--awb-order-small:0;--awb-spacing-right-small:0px;--awb-spacing-left-small:0px;\"><div class=\"fusion-column-wrapper lazyload fusion-column-has-shadow fusion-flex-justify-content-flex-start fusion-content-layout-column fusion-empty-column-bg-image fusion-column-has-bg-image\" data-bg-url=\"https:\/\/latinjazzexperience.com\/wp-content\/uploads\/2023\/03\/Web_Hamlet_254A8404.webp\" data-bg=\"https:\/\/latinjazzexperience.com\/wp-content\/uploads\/2023\/03\/Web_Hamlet_254A8404.webp\"><img decoding=\"async\" class=\"fusion-empty-dims-img-placeholder\" aria-label=\"Web_Hamlet_254A8404\" src=\"data:image\/svg+xml,%3Csvg%20xmlns%3D%27http%3A%2F%2Fwww.w3.org%2F2000%2Fsvg%27%20width%3D%27999%27%20height%3D%271368%27%20viewBox%3D%270%200%20999%201368%27%3E%3Crect%20width%3D%27999%27%20height%3D%271368%27%20fill-opacity%3D%220%22%2F%3E%3C%2Fsvg%3E\"><\/div><\/div><\/div><\/div>\n","protected":false},"excerpt":{"rendered":"","protected":false},"author":1,"featured_media":0,"parent":0,"menu_order":0,"comment_status":"closed","ping_status":"closed","template":"100-width.php","meta":{"footnotes":""},"class_list":["post-1779","page","type-page","status-publish","hentry"],"yoast_head":"<!-- This site is optimized with the Yoast SEO plugin v27.4 - https:\/\/yoast.com\/product\/yoast-seo-wordpress\/ -->\n<title>\u00dcber Hamlet - Latin Jazz Experience<\/title>\n<meta name=\"robots\" content=\"index, follow, max-snippet:-1, max-image-preview:large, max-video-preview:-1\" \/>\n<link rel=\"canonical\" href=\"https:\/\/latinjazzexperience.com\/de\/about-hamlet\/\" \/>\n<meta property=\"og:locale\" content=\"de_DE\" \/>\n<meta property=\"og:type\" content=\"article\" \/>\n<meta property=\"og:title\" content=\"\u00dcber Hamlet - Latin Jazz Experience\" \/>\n<meta property=\"og:url\" content=\"https:\/\/latinjazzexperience.com\/de\/about-hamlet\/\" \/>\n<meta property=\"og:site_name\" content=\"Latin Jazz Experience\" \/>\n<meta property=\"article:modified_time\" content=\"2023-03-23T22:26:12+00:00\" \/>\n<meta name=\"twitter:card\" content=\"summary_large_image\" \/>\n<meta name=\"twitter:label1\" content=\"Gesch\u00e4tzte Lesezeit\" \/>\n\t<meta name=\"twitter:data1\" content=\"4\u00a0Minuten\" \/>\n<script type=\"application\/ld+json\" class=\"yoast-schema-graph\">{\"@context\":\"https:\\\/\\\/schema.org\",\"@graph\":[{\"@type\":\"WebPage\",\"@id\":\"https:\\\/\\\/latinjazzexperience.com\\\/de\\\/about-hamlet\\\/\",\"url\":\"https:\\\/\\\/latinjazzexperience.com\\\/de\\\/about-hamlet\\\/\",\"name\":\"\u00dcber Hamlet - Latin Jazz Experience\",\"isPartOf\":{\"@id\":\"https:\\\/\\\/latinjazzexperience.com\\\/de\\\/#website\"},\"datePublished\":\"2022-01-26T14:44:36+00:00\",\"dateModified\":\"2023-03-23T22:26:12+00:00\",\"breadcrumb\":{\"@id\":\"https:\\\/\\\/latinjazzexperience.com\\\/de\\\/about-hamlet\\\/#breadcrumb\"},\"inLanguage\":\"de\",\"potentialAction\":[{\"@type\":\"ReadAction\",\"target\":[\"https:\\\/\\\/latinjazzexperience.com\\\/de\\\/about-hamlet\\\/\"]}]},{\"@type\":\"BreadcrumbList\",\"@id\":\"https:\\\/\\\/latinjazzexperience.com\\\/de\\\/about-hamlet\\\/#breadcrumb\",\"itemListElement\":[{\"@type\":\"ListItem\",\"position\":1,\"name\":\"Startseite\",\"item\":\"https:\\\/\\\/latinjazzexperience.com\\\/de\\\/\"},{\"@type\":\"ListItem\",\"position\":2,\"name\":\"\u00dcber Hamlet\"}]},{\"@type\":\"WebSite\",\"@id\":\"https:\\\/\\\/latinjazzexperience.com\\\/de\\\/#website\",\"url\":\"https:\\\/\\\/latinjazzexperience.com\\\/de\\\/\",\"name\":\"Latin Jazz Experience\",\"description\":\"New tunes, new energy with a more\",\"potentialAction\":[{\"@type\":\"SearchAction\",\"target\":{\"@type\":\"EntryPoint\",\"urlTemplate\":\"https:\\\/\\\/latinjazzexperience.com\\\/de\\\/?s={search_term_string}\"},\"query-input\":{\"@type\":\"PropertyValueSpecification\",\"valueRequired\":true,\"valueName\":\"search_term_string\"}}],\"inLanguage\":\"de\"}]}<\/script>\n<!-- \/ Yoast SEO plugin. -->","yoast_head_json":{"title":"\u00dcber Hamlet - Latin Jazz Experience","robots":{"index":"index","follow":"follow","max-snippet":"max-snippet:-1","max-image-preview":"max-image-preview:large","max-video-preview":"max-video-preview:-1"},"canonical":"https:\/\/latinjazzexperience.com\/de\/about-hamlet\/","og_locale":"de_DE","og_type":"article","og_title":"\u00dcber Hamlet - Latin Jazz Experience","og_url":"https:\/\/latinjazzexperience.com\/de\/about-hamlet\/","og_site_name":"Latin Jazz Experience","article_modified_time":"2023-03-23T22:26:12+00:00","twitter_card":"summary_large_image","twitter_misc":{"Gesch\u00e4tzte Lesezeit":"4\u00a0Minuten"},"schema":{"@context":"https:\/\/schema.org","@graph":[{"@type":"WebPage","@id":"https:\/\/latinjazzexperience.com\/de\/about-hamlet\/","url":"https:\/\/latinjazzexperience.com\/de\/about-hamlet\/","name":"\u00dcber Hamlet - Latin Jazz Experience","isPartOf":{"@id":"https:\/\/latinjazzexperience.com\/de\/#website"},"datePublished":"2022-01-26T14:44:36+00:00","dateModified":"2023-03-23T22:26:12+00:00","breadcrumb":{"@id":"https:\/\/latinjazzexperience.com\/de\/about-hamlet\/#breadcrumb"},"inLanguage":"de","potentialAction":[{"@type":"ReadAction","target":["https:\/\/latinjazzexperience.com\/de\/about-hamlet\/"]}]},{"@type":"BreadcrumbList","@id":"https:\/\/latinjazzexperience.com\/de\/about-hamlet\/#breadcrumb","itemListElement":[{"@type":"ListItem","position":1,"name":"Startseite","item":"https:\/\/latinjazzexperience.com\/de\/"},{"@type":"ListItem","position":2,"name":"\u00dcber Hamlet"}]},{"@type":"WebSite","@id":"https:\/\/latinjazzexperience.com\/de\/#website","url":"https:\/\/latinjazzexperience.com\/de\/","name":"Latin Jazz Experience","description":"New tunes, new energy with a more","potentialAction":[{"@type":"SearchAction","target":{"@type":"EntryPoint","urlTemplate":"https:\/\/latinjazzexperience.com\/de\/?s={search_term_string}"},"query-input":{"@type":"PropertyValueSpecification","valueRequired":true,"valueName":"search_term_string"}}],"inLanguage":"de"}]}},"_links":{"self":[{"href":"https:\/\/latinjazzexperience.com\/de\/wp-json\/wp\/v2\/pages\/1779","targetHints":{"allow":["GET"]}}],"collection":[{"href":"https:\/\/latinjazzexperience.com\/de\/wp-json\/wp\/v2\/pages"}],"about":[{"href":"https:\/\/latinjazzexperience.com\/de\/wp-json\/wp\/v2\/types\/page"}],"author":[{"embeddable":true,"href":"https:\/\/latinjazzexperience.com\/de\/wp-json\/wp\/v2\/users\/1"}],"replies":[{"embeddable":true,"href":"https:\/\/latinjazzexperience.com\/de\/wp-json\/wp\/v2\/comments?post=1779"}],"version-history":[{"count":10,"href":"https:\/\/latinjazzexperience.com\/de\/wp-json\/wp\/v2\/pages\/1779\/revisions"}],"predecessor-version":[{"id":2389,"href":"https:\/\/latinjazzexperience.com\/de\/wp-json\/wp\/v2\/pages\/1779\/revisions\/2389"}],"wp:attachment":[{"href":"https:\/\/latinjazzexperience.com\/de\/wp-json\/wp\/v2\/media?parent=1779"}],"curies":[{"name":"wp","href":"https:\/\/api.w.org\/{rel}","templated":true}]}}